{"id":33,"date":"2025-10-19T16:41:27","date_gmt":"2025-10-19T16:41:27","guid":{"rendered":"https:\/\/xn--atelierhnaut-ieb.com\/?page_id=33"},"modified":"2026-03-09T13:43:31","modified_gmt":"2026-03-09T12:43:31","slug":"a-propos","status":"publish","type":"page","link":"https:\/\/atelierh\u00e9naut.com\/index.php\/a-propos\/","title":{"rendered":"\u00c0 propos"},"content":{"rendered":"\n<div class=\"wp-block-group alignfull has-accent-background-color has-background has-global-padding is-content-justification-left is-layout-constrained wp-container-core-group-is-layout-598bffc8 wp-block-group-is-layout-constrained\" style=\"margin-top:0;margin-bottom:0;padding-top:var(--wp--preset--spacing--50);padding-right:var(--wp--preset--spacing--50);padding-bottom:var(--wp--preset--spacing--50);padding-left:var(--wp--preset--spacing--50)\">\n<p class=\"has-text-align-left\">Habit\u00e9e par une passion pour la couleur et fascin\u00e9e depuis toujours par le mouvement fauviste, Christine H\u00e9naut&nbsp;explore les structures complexes de la nature \u00e0 travers son art. Autodidacte, elle se perfectionne au sein des ateliers des Acad\u00e9mies des Beaux-Arts de Li\u00e8ge et Charleroi, o\u00f9 elle affine sa technique.<\/p>\n\n\n\n<figure class=\"wp-block-image alignright size-full is-resized\" style=\"margin-top:var(--wp--preset--spacing--20);margin-right:var(--wp--preset--spacing--20);margin-bottom:var(--wp--preset--spacing--20);margin-left:var(--wp--preset--spacing--20)\"><img fetchpriority=\"high\" decoding=\"async\" width=\"720\" height=\"960\" src=\"https:\/\/xn--atelierhnaut-ieb.com\/wp-content\/uploads\/2025\/10\/Unknown.jpg\" alt=\"\" class=\"wp-image-44\" style=\"width:407px;height:auto\" srcset=\"https:\/\/xn--atelierhnaut-ieb.com\/wp-content\/uploads\/2025\/10\/Unknown.jpg 720w, https:\/\/xn--atelierhnaut-ieb.com\/wp-content\/uploads\/2025\/10\/Unknown-225x300.jpg 225w\" sizes=\"(max-width: 720px) 100vw, 720px\" \/><\/figure>\n\n\n\n<p>Christine donne vie \u00e0 l&rsquo;acrylique et au pastel pour traduire les mouvements de la terre, de ses strates et mat\u00e9rialit\u00e9s.Roches, champs, \u00e9tendues d&rsquo;eau.<\/p>\n\n\n\n<p class=\"has-text-align-left\">Ses toiles capturent l&rsquo;essence de ces \u00e9l\u00e9ments, d&rsquo;o\u00f9 surgissent les \u00e9motions, les bouleversements, les myst\u00e8res, les \u00ab\u00a0vibrations\u00a0\u00bb, avec une vision \u00e0 la fois abstraite et figurative.&nbsp;&nbsp;<\/p>\n\n\n\n<p class=\"has-medium-font-size\">Elle part en g\u00e9n\u00e9ral d&rsquo;une de ses photos, l&rsquo;observe longuement et l&rsquo;\u00e9loigne ensuite pour ne plus revenir dessus. Elle veut que sa m\u00e9moire, ses \u00e9motions, son imagination dirigent le sujet et la fa\u00e7on de peindre. Elle utilise des pinceaux de nature et grosseur&nbsp;diff\u00e9rentes.&nbsp; Elle aime entendre le pinceau qui frotte pour produire des traits forts et subtils. Le trait \u00e0 lui seul devient un sujet \u00e0 part enti\u00e8re.<\/p>\n\n\n\n<p class=\"has-medium-font-size\">Chaque oeuvre est une exp\u00e9rience visuelle unique : elle peut \u00eatre regard\u00e9e dans plusieurs sens, laissant \u00e0 chacun la libert\u00e9 de l&rsquo;interpr\u00e9ter \u00e0 sa fa\u00e7on. De multiple mani\u00e8re et \u00e0 tout moment.&nbsp; Le syst\u00e8me d&rsquo;attache et d&rsquo;accrochage permet cette libert\u00e9.<\/p>\n<\/div>\n\n\n\n<div class=\"wp-block-columns alignwide is-layout-flex wp-container-core-columns-is-layout-1da03c2a wp-block-columns-is-layout-flex\">\n<div class=\"wp-block-column is-vertically-aligned-center is-layout-flow wp-block-column-is-layout-flow\" style=\"flex-basis:60%\">\n<figure class=\"wp-block-image size-full has-custom-border is-style-rounded wp-duotone-unset-2 is-style-rounded--1\"><img decoding=\"async\" width=\"2000\" height=\"2000\" src=\"https:\/\/xn--atelierhnaut-ieb.com\/wp-content\/uploads\/2026\/02\/ce281b90-0998-11f1-98fd-bfcaa0cb1181.jpg\" alt=\"\" class=\"wp-image-658\" style=\"border-radius:0px;aspect-ratio:4\/3;object-fit:cover\" srcset=\"https:\/\/xn--atelierhnaut-ieb.com\/wp-content\/uploads\/2026\/02\/ce281b90-0998-11f1-98fd-bfcaa0cb1181.jpg 2000w, https:\/\/xn--atelierhnaut-ieb.com\/wp-content\/uploads\/2026\/02\/ce281b90-0998-11f1-98fd-bfcaa0cb1181-300x300.jpg 300w, https:\/\/xn--atelierhnaut-ieb.com\/wp-content\/uploads\/2026\/02\/ce281b90-0998-11f1-98fd-bfcaa0cb1181-1024x1024.jpg 1024w, https:\/\/xn--atelierhnaut-ieb.com\/wp-content\/uploads\/2026\/02\/ce281b90-0998-11f1-98fd-bfcaa0cb1181-150x150.jpg 150w, https:\/\/xn--atelierhnaut-ieb.com\/wp-content\/uploads\/2026\/02\/ce281b90-0998-11f1-98fd-bfcaa0cb1181-768x768.jpg 768w, https:\/\/xn--atelierhnaut-ieb.com\/wp-content\/uploads\/2026\/02\/ce281b90-0998-11f1-98fd-bfcaa0cb1181-1536x1536.jpg 1536w\" sizes=\"(max-width: 2000px) 100vw, 2000px\" \/><\/figure>\n<\/div>\n\n\n\n<div class=\"wp-block-column is-layout-flow wp-block-column-is-layout-flow\" style=\"flex-basis:40%\">\n<h2 class=\"wp-block-heading\">Christine H\u00e9naut<\/h2>\n\n\n\n<p><strong>\u00ab\u00a0VIBRATION\u00a0\u00bb c&rsquo;est son ADN, son fil conducteur, &#8230;<\/strong><\/p>\n\n\n\n<div class=\"wp-block-buttons is-layout-flex wp-block-buttons-is-layout-flex\">\n<div class=\"wp-block-button\"><a class=\"wp-block-button__link wp-element-button\" href=\"https:\/\/xn--atelierhnaut-ieb.com\/index.php\/galerie\/\">Je d\u00e9couvre<\/a><\/div>\n<\/div>\n<\/div>\n<\/div>\n","protected":false},"excerpt":{"rendered":"<p>Habit\u00e9e par une passion pour la couleur et fascin\u00e9e depuis toujours par le mouvement fauviste, Christine H\u00e9naut&nbsp;explore les structures complexes de la nature \u00e0 travers son art. Autodidacte, elle se perfectionne au sein des ateliers des Acad\u00e9mies des Beaux-Arts de Li\u00e8ge et Charleroi, o\u00f9 elle affine sa technique. Christine donne vie \u00e0 l&rsquo;acrylique et au [&hellip;]<\/p>\n","protected":false},"author":1,"featured_media":670,"parent":0,"menu_order":0,"comment_status":"closed","ping_status":"closed","template":"","meta":{"footnotes":""},"class_list":["post-33","page","type-page","status-publish","has-post-thumbnail","hentry"],"_links":{"self":[{"href":"https:\/\/atelierh\u00e9naut.com\/index.php\/wp-json\/wp\/v2\/pages\/33","targetHints":{"allow":["GET"]}}],"collection":[{"href":"https:\/\/atelierh\u00e9naut.com\/index.php\/wp-json\/wp\/v2\/pages"}],"about":[{"href":"https:\/\/atelierh\u00e9naut.com\/index.php\/wp-json\/wp\/v2\/types\/page"}],"author":[{"embeddable":true,"href":"https:\/\/atelierh\u00e9naut.com\/index.php\/wp-json\/wp\/v2\/users\/1"}],"replies":[{"embeddable":true,"href":"https:\/\/atelierh\u00e9naut.com\/index.php\/wp-json\/wp\/v2\/comments?post=33"}],"version-history":[{"count":36,"href":"https:\/\/atelierh\u00e9naut.com\/index.php\/wp-json\/wp\/v2\/pages\/33\/revisions"}],"predecessor-version":[{"id":681,"href":"https:\/\/atelierh\u00e9naut.com\/index.php\/wp-json\/wp\/v2\/pages\/33\/revisions\/681"}],"wp:featuredmedia":[{"embeddable":true,"href":"https:\/\/atelierh\u00e9naut.com\/index.php\/wp-json\/wp\/v2\/media\/670"}],"wp:attachment":[{"href":"https:\/\/atelierh\u00e9naut.com\/index.php\/wp-json\/wp\/v2\/media?parent=33"}],"curies":[{"name":"wp","href":"https:\/\/api.w.org\/{rel}","templated":true}]}}